{"id":179,"date":"2024-06-11T13:27:30","date_gmt":"2024-06-11T11:27:30","guid":{"rendered":"https:\/\/www.innerstadenspsykoterapi.se\/?page_id=179"},"modified":"2024-11-04T18:19:41","modified_gmt":"2024-11-04T17:19:41","slug":"anna-killick-brandt","status":"publish","type":"page","link":"https:\/\/www.innerstadenspsykoterapi.se\/index.php\/terapeuterna\/anna-killick-brandt\/","title":{"rendered":"Anna Killick Brandt"},"content":{"rendered":"\n<div style=\"height:50px\" aria-hidden=\"true\" class=\"wp-block-spacer\"><\/div>\n\n\n\n<div class=\"wp-block-stackable-columns alignwide stk-block-columns stk-block stk-3204a78\" data-block-id=\"3204a78\"><div class=\"stk-row stk-inner-blocks stk-block-content stk-content-align stk-3204a78-column alignwide\">\n<div class=\"wp-block-stackable-column stk-block-column stk-column stk-block stk-2348638\" data-v=\"4\" data-block-id=\"2348638\"><style>@media screen and (min-width:768px){.stk-2348638{flex:var(--stk-flex-grow,1) 1 calc(10% - var(--stk-column-gap,0px) * 1 \/ 2 ) !important}}<\/style><div class=\"stk-column-wrapper stk-block-column__content stk-container stk-2348638-container stk--no-background stk--no-padding\"><div class=\"stk-block-content stk-inner-blocks stk-2348638-inner-blocks\"><\/div><\/div><\/div>\n\n\n\n<div class=\"wp-block-stackable-column stk-block-column stk-column stk-block stk-7c0ef1b\" data-v=\"4\" data-block-id=\"7c0ef1b\"><style>@media screen and (min-width:768px){.stk-7c0ef1b{flex:var(--stk-flex-grow,1) 1 calc(90% - var(--stk-column-gap,0px) * 1 \/ 2 ) !important}}<\/style><div class=\"stk-column-wrapper stk-block-column__content stk-container stk-7c0ef1b-container stk--no-background stk--no-padding\"><div class=\"stk-block-content stk-inner-blocks stk-7c0ef1b-inner-blocks\">\n<h1 class=\"wp-block-heading alignwide\">Anna Killick Brandt<\/h1>\n<\/div><\/div><\/div>\n<\/div><\/div>\n\n\n\n<div class=\"wp-block-stackable-columns alignwide stk-block-columns stk-block stk-b311c2b\" data-block-id=\"b311c2b\"><style>.stk-b311c2b-column{--stk-column-gap:19px !important}<\/style><div class=\"stk-row stk-inner-blocks stk-block-content stk-content-align stk-b311c2b-column alignwide\">\n<div class=\"wp-block-stackable-column stk-block-column stk-column stk-block stk-a3980b7\" data-v=\"4\" data-block-id=\"a3980b7\"><style>@media screen and (min-width:768px){.stk-a3980b7{flex:var(--stk-flex-grow,1) 1 calc(10% - var(--stk-column-gap,0px) * 3 \/ 4 ) !important}}<\/style><div class=\"stk-column-wrapper stk-block-column__content stk-container stk-a3980b7-container stk--no-background stk--no-padding\"><div class=\"stk-block-content stk-inner-blocks stk-a3980b7-inner-blocks\"><\/div><\/div><\/div>\n\n\n\n<div class=\"wp-block-stackable-column stk-block-column stk-column stk-block stk-28f0b56\" data-v=\"4\" data-block-id=\"28f0b56\"><style>.stk-28f0b56-container{padding-top:0px !important;padding-right:nullpx !important;padding-bottom:nullpx !important;padding-left:nullpx !important}@media screen and (min-width:768px){.stk-28f0b56{flex:var(--stk-flex-grow,1) 1 calc(58% - var(--stk-column-gap,0px) * 3 \/ 4 ) !important}}<\/style><div class=\"stk-column-wrapper stk-block-column__content stk-container stk-28f0b56-container stk--no-background stk--no-padding\"><div class=\"stk-block-content stk-inner-blocks stk-28f0b56-inner-blocks\">\n<figure class=\"wp-block-image size-full has-custom-border\"><img loading=\"lazy\" decoding=\"async\" width=\"1115\" height=\"1396\" src=\"http:\/\/www.innerstadenspsykoterapi.se\/wp-content\/uploads\/2024\/08\/anna.jpg\" alt=\"\" class=\"wp-image-335\" style=\"border-radius:20px;aspect-ratio:1;object-fit:cover\" srcset=\"https:\/\/www.innerstadenspsykoterapi.se\/wp-content\/uploads\/2024\/08\/anna.jpg 1115w, https:\/\/www.innerstadenspsykoterapi.se\/wp-content\/uploads\/2024\/08\/anna-240x300.jpg 240w, https:\/\/www.innerstadenspsykoterapi.se\/wp-content\/uploads\/2024\/08\/anna-818x1024.jpg 818w, https:\/\/www.innerstadenspsykoterapi.se\/wp-content\/uploads\/2024\/08\/anna-768x962.jpg 768w\" sizes=\"(max-width: 1115px) 100vw, 1115px\" \/><\/figure>\n\n\n\n<p class=\"has-small-font-size\">Jag \u00e4r socionom, legitimerad h\u00e4lso- och sjukv\u00e5rdskurator, legitimerad psykoterapeut med psykodynamisk inriktning. Jag har kommit att inspireras av och har en f\u00f6rdjupning i AEDP (Accelerated Experiential Dynamic Psychotherapy); en affektfokuserad, relationell och anknytningsbaserad terapiform.&nbsp;<\/p>\n\n\n\n<p class=\"has-small-font-size\">Jag har m\u00e5nga \u00e5rs erfarenhet av psykosocialt och psykoterapeutiskt behandlingsarbete, n\u00e4rmast i tiden med sm\u00e5 barn och deras f\u00f6r\u00e4ldrar inom specialiserad psykiatri.<\/p>\n\n\n\n<p class=\"has-small-font-size\">Sedan ett par \u00e5r arbetar jag som privatpraktiserande psykoterapeut.&nbsp;<\/p>\n\n\n\n<p class=\"has-small-font-size\">Jag erbjuder individuell psykodynamisk terapi till vuxna.<\/p>\n\n\n\n<div style=\"height:var(--wp--preset--spacing--50)\" aria-hidden=\"true\" class=\"wp-block-spacer\"><\/div>\n<\/div><\/div><\/div>\n\n\n\n<div class=\"wp-block-stackable-column stk-block-column stk-column stk-block stk-84a6402\" data-v=\"4\" data-block-id=\"84a6402\"><style>@media screen and (min-width:768px){.stk-84a6402{flex:var(--stk-flex-grow,1) 1 calc(22% - var(--stk-column-gap,0px) * 3 \/ 4 ) !important}}<\/style><div class=\"stk-column-wrapper stk-block-column__content stk-container stk-84a6402-container stk--no-background stk--no-padding\"><div class=\"stk-block-content stk-inner-blocks stk-84a6402-inner-blocks\">\n<h3 class=\"wp-block-heading has-contrast-2-color has-text-color has-link-color has-medium-font-size wp-elements-bfa62923c7f2dba7516ff5c655f0e03e\">Kontakt<\/h3>\n\n\n\n<p class=\"has-small-font-size\"><strong>E-post<\/strong>: <a href=\"mailto:annakillick@annapsykoterapi.se\">annakillick@annapsykoterapi.se<\/a><\/p>\n\n\n\n<p class=\"has-small-font-size\"><strong>Telefon<\/strong>: 0793-472217 <\/p>\n\n\n\n<p class=\"has-small-font-size\"><strong>Hemsida<\/strong>: <a href=\"http:\/\/annapsykoterapi.se\">annapsykoterapi.se<\/a><\/p>\n<\/div><\/div><\/div>\n\n\n\n<div class=\"wp-block-stackable-column stk-block-column stk-column stk-block stk-4300e2f\" data-v=\"4\" data-block-id=\"4300e2f\"><style>.stk-4300e2f-container{padding-top:0px !important;padding-right:nullpx !important;padding-bottom:nullpx !important;padding-left:nullpx !important}@media screen and (min-width:768px){.stk-4300e2f{flex:var(--stk-flex-grow,1) 1 calc(10% - var(--stk-column-gap,0px) * 3 \/ 4 ) !important}}<\/style><div class=\"stk-column-wrapper stk-block-column__content stk-container stk-4300e2f-container stk--no-background stk--no-padding\"><div class=\"stk-block-content stk-inner-blocks stk-4300e2f-inner-blocks\">\n<div style=\"height:var(--wp--preset--spacing--50)\" aria-hidden=\"true\" class=\"wp-block-spacer\"><\/div>\n\n\n\n<div style=\"height:var(--wp--preset--spacing--50)\" aria-hidden=\"true\" class=\"wp-block-spacer\"><\/div>\n<\/div><\/div><\/div>\n<\/div><\/div>\n","protected":false},"excerpt":{"rendered":"<p>Anna Killick Brandt Jag \u00e4r socionom, legitimerad h\u00e4lso- och sjukv\u00e5rdskurator, legitimerad psykoterapeut med psykodynamisk inriktning. Jag har kommit att inspireras av och har en f\u00f6rdjupning i AEDP (Accelerated Experiential Dynamic Psychotherapy); en affektfokuserad, relationell och anknytningsbaserad terapiform.&nbsp; Jag har m\u00e5nga \u00e5rs erfarenhet av psykosocialt och psykoterapeutiskt behandlingsarbete, n\u00e4rmast i tiden med sm\u00e5 barn och deras [&hellip;]<\/p>\n","protected":false},"author":1,"featured_media":0,"parent":91,"menu_order":0,"comment_status":"closed","ping_status":"closed","template":"","meta":{"_monsterinsights_skip_tracking":false,"_monsterinsights_sitenote_active":false,"_monsterinsights_sitenote_note":"","_monsterinsights_sitenote_category":0,"footnotes":""},"yoast_head":"<!-- This site is optimized with the Yoast SEO plugin v22.8 - https:\/\/yoast.com\/wordpress\/plugins\/seo\/ -->\n<title>Anna Killick Brandt - Innerstadens Psykoterapi<\/title>\n<meta name=\"robots\" content=\"index, follow, max-snippet:-1, max-image-preview:large, max-video-preview:-1\" \/>\n<link rel=\"canonical\" href=\"https:\/\/www.innerstadenspsykoterapi.se\/index.php\/terapeuterna\/anna-killick-brandt\/\" \/>\n<meta property=\"og:locale\" content=\"sv_SE\" \/>\n<meta property=\"og:type\" content=\"article\" \/>\n<meta property=\"og:title\" content=\"Anna Killick Brandt - Innerstadens Psykoterapi\" \/>\n<meta property=\"og:description\" content=\"Anna Killick Brandt Jag \u00e4r socionom, legitimerad h\u00e4lso- och sjukv\u00e5rdskurator, legitimerad psykoterapeut med psykodynamisk inriktning. Jag har kommit att inspireras av och har en f\u00f6rdjupning i AEDP (Accelerated Experiential Dynamic Psychotherapy); en affektfokuserad, relationell och anknytningsbaserad terapiform.&nbsp; Jag har m\u00e5nga \u00e5rs erfarenhet av psykosocialt och psykoterapeutiskt behandlingsarbete, n\u00e4rmast i tiden med sm\u00e5 barn och deras [&hellip;]\" \/>\n<meta property=\"og:url\" content=\"https:\/\/www.innerstadenspsykoterapi.se\/index.php\/terapeuterna\/anna-killick-brandt\/\" \/>\n<meta property=\"og:site_name\" content=\"Innerstadens Psykoterapi\" \/>\n<meta property=\"article:modified_time\" content=\"2024-11-04T17:19:41+00:00\" \/>\n<meta property=\"og:image\" content=\"http:\/\/www.innerstadenspsykoterapi.se\/wp-content\/uploads\/2024\/08\/anna.jpg\" \/>\n<meta name=\"twitter:card\" content=\"summary_large_image\" \/>\n<meta name=\"twitter:label1\" content=\"Ber\u00e4knad l\u00e4stid\" \/>\n\t<meta name=\"twitter:data1\" content=\"1 minut\" \/>\n<script type=\"application\/ld+json\" class=\"yoast-schema-graph\">{\"@context\":\"https:\/\/schema.org\",\"@graph\":[{\"@type\":\"WebPage\",\"@id\":\"https:\/\/www.innerstadenspsykoterapi.se\/index.php\/terapeuterna\/anna-killick-brandt\/\",\"url\":\"https:\/\/www.innerstadenspsykoterapi.se\/index.php\/terapeuterna\/anna-killick-brandt\/\",\"name\":\"Anna Killick Brandt - Innerstadens Psykoterapi\",\"isPartOf\":{\"@id\":\"https:\/\/www.innerstadenspsykoterapi.se\/#website\"},\"primaryImageOfPage\":{\"@id\":\"https:\/\/www.innerstadenspsykoterapi.se\/index.php\/terapeuterna\/anna-killick-brandt\/#primaryimage\"},\"image\":{\"@id\":\"https:\/\/www.innerstadenspsykoterapi.se\/index.php\/terapeuterna\/anna-killick-brandt\/#primaryimage\"},\"thumbnailUrl\":\"http:\/\/www.innerstadenspsykoterapi.se\/wp-content\/uploads\/2024\/08\/anna.jpg\",\"datePublished\":\"2024-06-11T11:27:30+00:00\",\"dateModified\":\"2024-11-04T17:19:41+00:00\",\"breadcrumb\":{\"@id\":\"https:\/\/www.innerstadenspsykoterapi.se\/index.php\/terapeuterna\/anna-killick-brandt\/#breadcrumb\"},\"inLanguage\":\"sv-SE\",\"potentialAction\":[{\"@type\":\"ReadAction\",\"target\":[\"https:\/\/www.innerstadenspsykoterapi.se\/index.php\/terapeuterna\/anna-killick-brandt\/\"]}]},{\"@type\":\"ImageObject\",\"inLanguage\":\"sv-SE\",\"@id\":\"https:\/\/www.innerstadenspsykoterapi.se\/index.php\/terapeuterna\/anna-killick-brandt\/#primaryimage\",\"url\":\"https:\/\/www.innerstadenspsykoterapi.se\/wp-content\/uploads\/2024\/08\/anna.jpg\",\"contentUrl\":\"https:\/\/www.innerstadenspsykoterapi.se\/wp-content\/uploads\/2024\/08\/anna.jpg\",\"width\":1115,\"height\":1396},{\"@type\":\"BreadcrumbList\",\"@id\":\"https:\/\/www.innerstadenspsykoterapi.se\/index.php\/terapeuterna\/anna-killick-brandt\/#breadcrumb\",\"itemListElement\":[{\"@type\":\"ListItem\",\"position\":1,\"name\":\"Home\",\"item\":\"https:\/\/www.innerstadenspsykoterapi.se\/\"},{\"@type\":\"ListItem\",\"position\":2,\"name\":\"Terapeuterna\",\"item\":\"https:\/\/www.innerstadenspsykoterapi.se\/index.php\/terapeuterna\/\"},{\"@type\":\"ListItem\",\"position\":3,\"name\":\"Anna Killick Brandt\"}]},{\"@type\":\"WebSite\",\"@id\":\"https:\/\/www.innerstadenspsykoterapi.se\/#website\",\"url\":\"https:\/\/www.innerstadenspsykoterapi.se\/\",\"name\":\"Innerstadens Psykoterapi\",\"description\":\"En mottagning med bredd och erfarenhet\",\"potentialAction\":[{\"@type\":\"SearchAction\",\"target\":{\"@type\":\"EntryPoint\",\"urlTemplate\":\"https:\/\/www.innerstadenspsykoterapi.se\/?s={search_term_string}\"},\"query-input\":\"required name=search_term_string\"}],\"inLanguage\":\"sv-SE\"}]}<\/script>\n<!-- \/ Yoast SEO plugin. -->","yoast_head_json":{"title":"Anna Killick Brandt - Innerstadens Psykoterapi","robots":{"index":"index","follow":"follow","max-snippet":"max-snippet:-1","max-image-preview":"max-image-preview:large","max-video-preview":"max-video-preview:-1"},"canonical":"https:\/\/www.innerstadenspsykoterapi.se\/index.php\/terapeuterna\/anna-killick-brandt\/","og_locale":"sv_SE","og_type":"article","og_title":"Anna Killick Brandt - Innerstadens Psykoterapi","og_description":"Anna Killick Brandt Jag \u00e4r socionom, legitimerad h\u00e4lso- och sjukv\u00e5rdskurator, legitimerad psykoterapeut med psykodynamisk inriktning. Jag har kommit att inspireras av och har en f\u00f6rdjupning i AEDP (Accelerated Experiential Dynamic Psychotherapy); en affektfokuserad, relationell och anknytningsbaserad terapiform.&nbsp; Jag har m\u00e5nga \u00e5rs erfarenhet av psykosocialt och psykoterapeutiskt behandlingsarbete, n\u00e4rmast i tiden med sm\u00e5 barn och deras [&hellip;]","og_url":"https:\/\/www.innerstadenspsykoterapi.se\/index.php\/terapeuterna\/anna-killick-brandt\/","og_site_name":"Innerstadens Psykoterapi","article_modified_time":"2024-11-04T17:19:41+00:00","og_image":[{"url":"http:\/\/www.innerstadenspsykoterapi.se\/wp-content\/uploads\/2024\/08\/anna.jpg"}],"twitter_card":"summary_large_image","twitter_misc":{"Ber\u00e4knad l\u00e4stid":"1 minut"},"schema":{"@context":"https:\/\/schema.org","@graph":[{"@type":"WebPage","@id":"https:\/\/www.innerstadenspsykoterapi.se\/index.php\/terapeuterna\/anna-killick-brandt\/","url":"https:\/\/www.innerstadenspsykoterapi.se\/index.php\/terapeuterna\/anna-killick-brandt\/","name":"Anna Killick Brandt - Innerstadens Psykoterapi","isPartOf":{"@id":"https:\/\/www.innerstadenspsykoterapi.se\/#website"},"primaryImageOfPage":{"@id":"https:\/\/www.innerstadenspsykoterapi.se\/index.php\/terapeuterna\/anna-killick-brandt\/#primaryimage"},"image":{"@id":"https:\/\/www.innerstadenspsykoterapi.se\/index.php\/terapeuterna\/anna-killick-brandt\/#primaryimage"},"thumbnailUrl":"http:\/\/www.innerstadenspsykoterapi.se\/wp-content\/uploads\/2024\/08\/anna.jpg","datePublished":"2024-06-11T11:27:30+00:00","dateModified":"2024-11-04T17:19:41+00:00","breadcrumb":{"@id":"https:\/\/www.innerstadenspsykoterapi.se\/index.php\/terapeuterna\/anna-killick-brandt\/#breadcrumb"},"inLanguage":"sv-SE","potentialAction":[{"@type":"ReadAction","target":["https:\/\/www.innerstadenspsykoterapi.se\/index.php\/terapeuterna\/anna-killick-brandt\/"]}]},{"@type":"ImageObject","inLanguage":"sv-SE","@id":"https:\/\/www.innerstadenspsykoterapi.se\/index.php\/terapeuterna\/anna-killick-brandt\/#primaryimage","url":"https:\/\/www.innerstadenspsykoterapi.se\/wp-content\/uploads\/2024\/08\/anna.jpg","contentUrl":"https:\/\/www.innerstadenspsykoterapi.se\/wp-content\/uploads\/2024\/08\/anna.jpg","width":1115,"height":1396},{"@type":"BreadcrumbList","@id":"https:\/\/www.innerstadenspsykoterapi.se\/index.php\/terapeuterna\/anna-killick-brandt\/#breadcrumb","itemListElement":[{"@type":"ListItem","position":1,"name":"Home","item":"https:\/\/www.innerstadenspsykoterapi.se\/"},{"@type":"ListItem","position":2,"name":"Terapeuterna","item":"https:\/\/www.innerstadenspsykoterapi.se\/index.php\/terapeuterna\/"},{"@type":"ListItem","position":3,"name":"Anna Killick Brandt"}]},{"@type":"WebSite","@id":"https:\/\/www.innerstadenspsykoterapi.se\/#website","url":"https:\/\/www.innerstadenspsykoterapi.se\/","name":"Innerstadens Psykoterapi","description":"En mottagning med bredd och erfarenhet","potentialAction":[{"@type":"SearchAction","target":{"@type":"EntryPoint","urlTemplate":"https:\/\/www.innerstadenspsykoterapi.se\/?s={search_term_string}"},"query-input":"required name=search_term_string"}],"inLanguage":"sv-SE"}]}},"_links":{"self":[{"href":"https:\/\/www.innerstadenspsykoterapi.se\/index.php\/wp-json\/wp\/v2\/pages\/179"}],"collection":[{"href":"https:\/\/www.innerstadenspsykoterapi.se\/index.php\/wp-json\/wp\/v2\/pages"}],"about":[{"href":"https:\/\/www.innerstadenspsykoterapi.se\/index.php\/wp-json\/wp\/v2\/types\/page"}],"author":[{"embeddable":true,"href":"https:\/\/www.innerstadenspsykoterapi.se\/index.php\/wp-json\/wp\/v2\/users\/1"}],"replies":[{"embeddable":true,"href":"https:\/\/www.innerstadenspsykoterapi.se\/index.php\/wp-json\/wp\/v2\/comments?post=179"}],"version-history":[{"count":7,"href":"https:\/\/www.innerstadenspsykoterapi.se\/index.php\/wp-json\/wp\/v2\/pages\/179\/revisions"}],"predecessor-version":[{"id":512,"href":"https:\/\/www.innerstadenspsykoterapi.se\/index.php\/wp-json\/wp\/v2\/pages\/179\/revisions\/512"}],"up":[{"embeddable":true,"href":"https:\/\/www.innerstadenspsykoterapi.se\/index.php\/wp-json\/wp\/v2\/pages\/91"}],"wp:attachment":[{"href":"https:\/\/www.innerstadenspsykoterapi.se\/index.php\/wp-json\/wp\/v2\/media?parent=179"}],"curies":[{"name":"wp","href":"https:\/\/api.w.org\/{rel}","templated":true}]}}